{"id":1687,"date":"2022-02-19T11:56:53","date_gmt":"2022-02-19T11:56:53","guid":{"rendered":"https:\/\/aleka.gybemediatech.com\/hjemmeside\/"},"modified":"2022-03-05T16:22:10","modified_gmt":"2022-03-05T16:22:10","slug":"hjemmeside","status":"publish","type":"page","link":"https:\/\/aleka.gybemediatech.com\/no\/","title":{"rendered":"Hjem"},"content":{"rendered":"<p>[et_pb_section fb_built=&raquo;1&#8243; custom_padding_last_edited=&raquo;on|phone&raquo; admin_label=&raquo;Hero&raquo; _builder_version=&raquo;4.14.7&#8243; background_image=&raquo;https:\/\/aleka.gybemediatech.com\/wp-content\/uploads\/2022\/01\/stortinget_web-5506.jpg&raquo; vertical_offset_tablet=&raquo;0&#8243; horizontal_offset_tablet=&raquo;0&#8243; custom_padding=&raquo;110px||844px|||&raquo; custom_padding_tablet=&raquo;110px||300px||false|false&raquo; custom_padding_phone=&raquo;0px||220px||false|false&raquo; box_shadow_horizontal_tablet=&raquo;0px&raquo; box_shadow_vertical_tablet=&raquo;0px&raquo; box_shadow_blur_tablet=&raquo;40px&raquo; box_shadow_spread_tablet=&raquo;0px&raquo; global_colors_info=&raquo;{}&raquo;][\/et_pb_section][et_pb_section fb_built=&raquo;1&#8243; custom_padding_last_edited=&raquo;on|tablet&raquo; admin_label=&raquo;Packages&raquo; _builder_version=&raquo;4.14.7&#8243; custom_padding=&raquo;0px||0px|||&raquo; custom_padding_tablet=&raquo;0px||0px|&raquo; custom_padding_phone=&raquo;&raquo; global_colors_info=&raquo;{}&raquo;][et_pb_row custom_padding_last_edited=&raquo;on|phone&raquo; admin_label=&raquo;Packages Title&raquo; _builder_version=&raquo;3.25&#8243; custom_padding=&raquo;30px|0px|0px|0px||&raquo; custom_padding_tablet=&raquo;60px||0px|&raquo; custom_padding_phone=&raquo;&raquo; locked=&raquo;off&raquo; global_colors_info=&raquo;{}&raquo;][et_pb_column type=&raquo;4_4&#8243; _builder_version=&raquo;3.0.47&#8243; custom_padding=&raquo;|||&raquo; global_colors_info=&raquo;{}&raquo; custom_padding__hover=&raquo;|||&raquo;][et_pb_text _builder_version=&raquo;4.14.8&#8243; text_font=&raquo;|600|||||||&raquo; text_font_size=&raquo;26px&raquo; text_line_height=&raquo;1.6em&raquo; background_size=&raquo;initial&raquo; background_position=&raquo;top_left&raquo; background_repeat=&raquo;repeat&raquo; vertical_offset_tablet=&raquo;0&#8243; horizontal_offset_tablet=&raquo;0&#8243; animation_style=&raquo;zoom&raquo; animation_direction=&raquo;left&raquo; animation_delay=&raquo;100ms&raquo; animation_intensity_zoom=&raquo;10%&raquo; hover_enabled=&raquo;0&#8243; text_font_size_tablet=&raquo;20px&raquo; text_font_size_phone=&raquo;16px&raquo; text_font_size_last_edited=&raquo;on|phone&raquo; z_index_tablet=&raquo;0&#8243; header_text_shadow_horizontal_length_tablet=&raquo;0px&raquo; header_text_shadow_vertical_length_tablet=&raquo;0px&raquo; header_text_shadow_blur_strength_tablet=&raquo;1px&raquo; header_2_text_shadow_horizontal_length_tablet=&raquo;0px&raquo; header_2_text_shadow_vertical_length_tablet=&raquo;0px&raquo; header_2_text_shadow_blur_strength_tablet=&raquo;1px&raquo; header_3_text_shadow_horizontal_length_tablet=&raquo;0px&raquo; header_3_text_shadow_vertical_length_tablet=&raquo;0px&raquo; header_3_text_shadow_blur_strength_tablet=&raquo;1px&raquo; header_4_text_shadow_horizontal_length_tablet=&raquo;0px&raquo; header_4_text_shadow_vertical_length_tablet=&raquo;0px&raquo; header_4_text_shadow_blur_strength_tablet=&raquo;1px&raquo; header_5_text_shadow_horizontal_length_tablet=&raquo;0px&raquo; header_5_text_shadow_vertical_length_tablet=&raquo;0px&raquo; header_5_text_shadow_blur_strength_tablet=&raquo;1px&raquo; header_6_text_shadow_horizontal_length_tablet=&raquo;0px&raquo; header_6_text_shadow_vertical_length_tablet=&raquo;0px&raquo; header_6_text_shadow_blur_strength_tablet=&raquo;1px&raquo; border_color_all=&raquo;#231f20&#8243; box_shadow_horizontal_tablet=&raquo;0px&raquo; box_shadow_vertical_tablet=&raquo;0px&raquo; box_shadow_blur_tablet=&raquo;40px&raquo; box_shadow_spread_tablet=&raquo;0px&raquo; global_colors_info=&raquo;{}&raquo; sticky_enabled=&raquo;0&#8243;]<\/p>\n<p>Vi skreddersyr turer i Oslo og omegn p\u00e5 3, 4 og 5 timer ogs\u00e5 for deg med norsk bakgrunn med egen lokalguide. Vi tilbyr rimelige priser. Turene kan v\u00e6re enten til fots eller i kombinasjon med offentlig transport, eller med drosje hvis du \u00f8nsker det. Her er v\u00e5re tilbud:<\/p>\n<p>[\/et_pb_text][et_pb_divider show_divider=&raquo;off&raquo; disabled_on=&raquo;off|off|off&raquo; _builder_version=&raquo;3.2&#8243; max_width=&raquo;150px&raquo; module_alignment=&raquo;center&raquo; height=&raquo;false&raquo; custom_margin=&raquo;30px|||&raquo; animation_style=&raquo;slide&raquo; animation_direction=&raquo;top&raquo; animation_delay=&raquo;100ms&raquo; animation_intensity_slide=&raquo;10%&raquo; locked=&raquo;off&raquo; global_colors_info=&raquo;{}&raquo;]<br \/>\n[\/et_pb_divider][\/et_pb_column][\/et_pb_row][\/et_pb_section][et_pb_section fb_built=&raquo;1&#8243; custom_padding_last_edited=&raquo;on|tablet&raquo; admin_label=&raquo;Let Us Show You Our City&raquo; _builder_version=&raquo;4.14.7&#8243; custom_padding=&raquo;0px||80px|||&raquo; custom_padding_tablet=&raquo;40px||60px||false|false&raquo; custom_padding_phone=&raquo;10px||30px||false|false&raquo; global_colors_info=&raquo;{}&raquo;][et_pb_row _builder_version=&raquo;3.25&#8243; locked=&raquo;off&raquo; global_colors_info=&raquo;{}&raquo;][et_pb_column type=&raquo;4_4&#8243; _builder_version=&raquo;3.25&#8243; custom_padding=&raquo;|||&raquo; global_colors_info=&raquo;{}&raquo; custom_padding__hover=&raquo;|||&raquo;][et_pb_text admin_label=&raquo;Header&raquo; _builder_version=&raquo;4.14.7&#8243; text_font=&raquo;||||&raquo; header_font=&raquo;Oswald|on||on|&raquo; header_font_size=&raquo;60px&raquo; background_size=&raquo;initial&raquo; background_position=&raquo;top_left&raquo; background_repeat=&raquo;repeat&raquo; text_orientation=&raquo;center&raquo; custom_margin=&raquo;|||&raquo; custom_padding=&raquo;|||&raquo; animation_style=&raquo;slide&raquo; animation_direction=&raquo;top&raquo; animation_intensity_slide=&raquo;10%&raquo; header_font_size_tablet=&raquo;40px&raquo; header_font_size_phone=&raquo;34px&raquo; header_font_size_last_edited=&raquo;on|phone&raquo; global_colors_info=&raquo;{}&raquo;]<\/p>\n<h1>LA OSS VISE DEG OSLO<\/h1>\n<p>[\/et_pb_text][et_pb_divider color=&raquo;#ed4441&#8243; divider_position=&raquo;center&raquo; divider_weight=&raquo;3px&raquo; disabled_on=&raquo;on|on|off%22&#8243; _builder_version=&raquo;3.2&#8243; max_width=&raquo;150px&raquo; module_alignment=&raquo;center&raquo; height=&raquo;false&raquo; custom_margin=&raquo;30px|||&raquo; animation_style=&raquo;slide&raquo; animation_direction=&raquo;top&raquo; animation_delay=&raquo;100ms&raquo; animation_intensity_slide=&raquo;10%&raquo; locked=&raquo;off&raquo; global_colors_info=&raquo;{}&raquo;][\/et_pb_divider][\/et_pb_column][\/et_pb_row][et_pb_row column_structure=&raquo;1_3,1_3,1_3&#8243; custom_padding_last_edited=&raquo;on|phone&raquo; _builder_version=&raquo;4.14.7&#8243; custom_padding=&raquo;70px|||&raquo; custom_padding_tablet=&raquo;30px||||false|false&raquo; custom_padding_phone=&raquo;10px||||false|false&raquo; locked=&raquo;off&raquo; global_colors_info=&raquo;{}&raquo;][et_pb_column type=&raquo;1_3&#8243; _builder_version=&raquo;3.25&#8243; custom_padding=&raquo;|||&raquo; global_colors_info=&raquo;{}&raquo; custom_padding__hover=&raquo;|||&raquo;][et_pb_blurb title=&raquo;OsloVANDRINGER&raquo; use_icon=&raquo;on&raquo; font_icon=&raquo;&#xf277;||fa||900&#8243; icon_color=&raquo;#ed4441&#8243; image_icon_width=&raquo;60px&raquo; _builder_version=&raquo;4.14.8&#8243; header_font=&raquo;Oswald|on||on|&raquo; header_font_size=&raquo;24px&raquo; body_font=&raquo;Roboto||||&raquo; body_line_height=&raquo;1.8em&raquo; text_orientation=&raquo;center&raquo; icon_font_size=&raquo;60px&raquo; global_colors_info=&raquo;{}&raquo;]<\/p>\n<p>Kortere eller lengre g\u00e5turer i Oslo<br \/>med en autorisert guide<br \/>blir\u00a0en unik opplevelse.<\/p>\n<p>[\/et_pb_blurb][\/et_pb_column][et_pb_column type=&raquo;1_3&#8243; _builder_version=&raquo;3.25&#8243; custom_padding=&raquo;|||&raquo; global_colors_info=&raquo;{}&raquo; custom_padding__hover=&raquo;|||&raquo;][et_pb_blurb title=&raquo;MuseumBES\u00d8K&raquo; use_icon=&raquo;on&raquo; font_icon=&raquo;&#xf66f;||fa||900&#8243; icon_color=&raquo;#ed4441&#8243; image_icon_width=&raquo;60px&raquo; _builder_version=&raquo;4.14.8&#8243; header_font=&raquo;Oswald|on||on|&raquo; header_font_size=&raquo;24px&raquo; body_font=&raquo;Roboto||||&raquo; body_line_height=&raquo;1.8em&raquo; text_orientation=&raquo;center&raquo; icon_font_size=&raquo;60px&raquo; global_colors_info=&raquo;{}&raquo;]<\/p>\n<p>Guidet turer til Vikingmuseet,<br \/>Frammuseet, Folkemuseet, Kon-Tiki,<br \/>Sj\u00f8fartsmuseet, etc.<\/p>\n<p>[\/et_pb_blurb][\/et_pb_column][et_pb_column type=&raquo;1_3&#8243; _builder_version=&raquo;3.25&#8243; custom_padding=&raquo;|||&raquo; global_colors_info=&raquo;{}&raquo; custom_padding__hover=&raquo;|||&raquo;][et_pb_blurb title=&raquo;Utflukter&raquo; use_icon=&raquo;on&raquo; font_icon=&raquo;&#xf5a0;||fa||900&#8243; icon_color=&raquo;#ed4441&#8243; image_icon_width=&raquo;60px&raquo; _builder_version=&raquo;4.14.8&#8243; header_font=&raquo;Oswald|on||on|&raquo; header_font_size=&raquo;24px&raquo; body_font=&raquo;Roboto||||&raquo; body_line_height=&raquo;1.8em&raquo; text_orientation=&raquo;center&raquo; min_height=&raquo;224px&raquo; hover_enabled=&raquo;0&#8243; icon_font_size=&raquo;60px&raquo; global_colors_info=&raquo;{}&raquo; sticky_enabled=&raquo;0&#8243;]<\/p>\n<p>Halv- og heldags turer til<br \/>to idylliske steder langs Oslo-fjorden,<br \/>Dr\u00f8bak og Hvitsten.<\/p>\n<p>[\/et_pb_blurb][\/et_pb_column][\/et_pb_row][\/et_pb_section][et_pb_section fb_built=&raquo;1&#8243; custom_padding_last_edited=&raquo;on|tablet&raquo; admin_label=&raquo;Packages&raquo; _builder_version=&raquo;3.22&#8243; min_height=&raquo;1823.7px&raquo; custom_padding=&raquo;0px||0px|||&raquo; custom_padding_tablet=&raquo;0px||0px|&raquo; custom_padding_phone=&raquo;&raquo; global_colors_info=&raquo;{}&raquo;][et_pb_row admin_label=&raquo;Tours Container&raquo; _builder_version=&raquo;4.9.4&#8243; _module_preset=&raquo;default&raquo; custom_padding=&raquo;0px||0px|||&raquo; global_colors_info=&raquo;{}&raquo;][et_pb_column type=&raquo;4_4&#8243; _builder_version=&raquo;4.9.4&#8243; _module_preset=&raquo;default&raquo; global_colors_info=&raquo;{}&raquo;][et_pb_blog post_type=&raquo;tour&raquo; excerpt_length=&raquo;400&#8243; show_more=&raquo;on&raquo; show_author=&raquo;off&raquo; show_date=&raquo;off&raquo; show_categories=&raquo;off&raquo; show_pagination=&raquo;off&raquo; admin_label=&raquo;Tours&raquo; _builder_version=&raquo;4.14.7&#8243; _module_preset=&raquo;default&raquo; header_font_size=&raquo;24px&raquo; header_letter_spacing=&raquo;-1px&raquo; header_line_height=&raquo;1.2em&raquo; body_text_color=&raquo;#231F20&#8243; read_more_font=&raquo;Oswald|||on|||||&raquo; read_more_text_color=&raquo;#DA2128&#8243; read_more_font_size=&raquo;20px&raquo; custom_css_featured_image=&raquo;min-height: 320px;&raquo; global_colors_info=&raquo;{}&raquo; read_more_text_color__hover_enabled=&raquo;on|desktop&raquo; read_more_text_color__hover=&raquo;#231F20&#8243; custom_css_featured_image_last_edited=&raquo;on|phone&raquo; custom_css_featured_image_phone=&raquo;min-height: unset;&raquo; custom_css_featured_image_tablet=&raquo;min-height: unset;&raquo;][\/et_pb_blog][\/et_pb_column][\/et_pb_row][\/et_pb_section]<\/p>\n","protected":false},"excerpt":{"rendered":"<p>Vi skreddersyr turer i Oslo og omegn p\u00e5 3, 4 og 5 timer ogs\u00e5 for deg med norsk bakgrunn med egen lokalguide. Vi tilbyr rimelige priser. Turene kan v\u00e6re enten til fots eller i kombinasjon med offentlig transport, eller med drosje hvis du \u00f8nsker det. Her er v\u00e5re tilbud: LA OSS VISE DEG OSLOKortere eller [&hellip;]<\/p>\n","protected":false},"author":1,"featured_media":0,"parent":0,"menu_order":0,"comment_status":"closed","ping_status":"closed","template":"","meta":{"_et_pb_use_builder":"on","_et_pb_old_content":"","_et_gb_content_width":""},"acf":[],"_links":{"self":[{"href":"https:\/\/aleka.gybemediatech.com\/no\/wp-json\/wp\/v2\/pages\/1687"}],"collection":[{"href":"https:\/\/aleka.gybemediatech.com\/no\/wp-json\/wp\/v2\/pages"}],"about":[{"href":"https:\/\/aleka.gybemediatech.com\/no\/wp-json\/wp\/v2\/types\/page"}],"author":[{"embeddable":true,"href":"https:\/\/aleka.gybemediatech.com\/no\/wp-json\/wp\/v2\/users\/1"}],"replies":[{"embeddable":true,"href":"https:\/\/aleka.gybemediatech.com\/no\/wp-json\/wp\/v2\/comments?post=1687"}],"version-history":[{"count":10,"href":"https:\/\/aleka.gybemediatech.com\/no\/wp-json\/wp\/v2\/pages\/1687\/revisions"}],"predecessor-version":[{"id":1959,"href":"https:\/\/aleka.gybemediatech.com\/no\/wp-json\/wp\/v2\/pages\/1687\/revisions\/1959"}],"wp:attachment":[{"href":"https:\/\/aleka.gybemediatech.com\/no\/wp-json\/wp\/v2\/media?parent=1687"}],"curies":[{"name":"wp","href":"https:\/\/api.w.org\/{rel}","templated":true}]}}